{"id":2,"date":"2025-08-06T08:23:50","date_gmt":"2025-08-06T08:23:50","guid":{"rendered":"http:\/\/harmonie-ecaillon.fr\/?page_id=2"},"modified":"2025-08-06T19:37:55","modified_gmt":"2025-08-06T18:37:55","slug":"sample-page","status":"publish","type":"page","link":"https:\/\/harmonie-ecaillon.fr\/","title":{"rendered":"Bienvenue sur le site de l&rsquo;Harmonie d&rsquo;Ecaillon !"},"content":{"rendered":"\n<p class=\"is-style-default\">Au sein de notre association, nous vous proposons :<\/p>\n\n\n\n<ul class=\"wp-block-list\">\n<li>un orchestre d&rsquo;harmonie dirig\u00e9 par Vincent LABY<\/li>\n\n\n\n<li>un orchestre junior dirig\u00e9 par S\u00e9bastien LABY<\/li>\n\n\n\n<li>une \u00e9cole de musique qui vous propose des cours de :\n<ul class=\"wp-block-list\">\n<li>Clarinette<\/li>\n\n\n\n<li>Fl\u00fbte Traversi\u00e8re<\/li>\n\n\n\n<li>Percussions (batterie, xylophone, timbales)<\/li>\n\n\n\n<li>Saxophone<\/li>\n\n\n\n<li>Trombone<\/li>\n\n\n\n<li>Trompette<\/li>\n\n\n\n<li>Tuba<\/li>\n<\/ul>\n<\/li>\n<\/ul>\n\n\n\n<p><strong>Nouveaut\u00e9 de septembre 2025 ! un atelier de d\u00e9couverte et de pratique au centre social d&rsquo;Ecaillon !<\/strong><\/p>\n\n\n\n<p>L&rsquo;\u00e9cole est plac\u00e9e sous la direction de Fabrice Necki.<\/p>\n\n\n\n<p>Vous voulez nous \u00e9crire ? notre adresse mail : <a href=\"mailto:contact@harmonie-ecaillon.fr\">contact@harmonie-ecaillon.fr<\/a><\/p>\n\n\n\n<p>Nous appeler : 06 12 93 41 02<\/p>\n\n\n\n<p><em><strong>Vous souhaitez vous pr\u00e9inscrire ou d\u00e9poser une demande de renseignements ? <a href=\"https:\/\/ecaillon.monecoledemusique.art\/onlinewizard\/step1.aspx\" target=\"_blank\" rel=\"noreferrer noopener\">cliquez-ici<\/a><\/strong><\/em><\/p>\n\n\n\n<p>Nos s\u00e9ances d&rsquo;inscription auront lieu \u00e0 l&rsquo;\u00e9cole de musique, 3 rue Vanin \u00e0 Ecaillon :<\/p>\n\n\n\n<ul class=\"wp-block-list\">\n<li>mercredi 3 septembre 2025, de 17H \u00e0 19H<\/li>\n\n\n\n<li>samedi 6 septembre 2025, de 10H \u00e0 12H<\/li>\n<\/ul>\n\n\n\n<p>Tarifs applicables au 1er septembre 2025<\/p>\n\n\n\n<ul class=\"wp-block-list\">\n<li>cotisation \u00e0 l&rsquo;association, payable par tous : 10 \u20ac\/personne<\/li>\n\n\n\n<li>cours \u00e0 l&rsquo;\u00e9cole de musique : 80 \u20ac \/ personne<\/li>\n\n\n\n<li>mise \u00e0 disposition d&rsquo;un instrument de l&rsquo;\u00e9cole de musique : 100 \u20ac\/instrument<\/li>\n<\/ul>\n\n\n\n<p>Suivez nos actus sur Facebook : <a href=\"https:\/\/www.facebook.com\/harmonieecaillon\">https:\/\/www.facebook.com\/harmonieecaillon<\/a><\/p>\n","protected":false},"excerpt":{"rendered":"<p>Au sein de notre association, nous vous proposons : Nouveaut\u00e9 de septembre 2025 ! un atelier de d\u00e9couverte et de pratique au centre social d&rsquo;Ecaillon ! L&rsquo;\u00e9cole est plac\u00e9e sous la direction de Fabrice Necki. Vous voulez nous \u00e9crire ? notre adresse mail : contact@harmonie-ecaillon.fr Nous appeler : 06 12 93 41 02 Vous souhaitez [&hellip;]<\/p>\n","protected":false},"author":1,"featured_media":0,"parent":0,"menu_order":0,"comment_status":"closed","ping_status":"open","template":"","meta":{"footnotes":""},"class_list":["post-2","page","type-page","status-publish","hentry"],"_links":{"self":[{"href":"https:\/\/harmonie-ecaillon.fr\/index.php?rest_route=\/wp\/v2\/pages\/2","targetHints":{"allow":["GET"]}}],"collection":[{"href":"https:\/\/harmonie-ecaillon.fr\/index.php?rest_route=\/wp\/v2\/pages"}],"about":[{"href":"https:\/\/harmonie-ecaillon.fr\/index.php?rest_route=\/wp\/v2\/types\/page"}],"author":[{"embeddable":true,"href":"https:\/\/harmonie-ecaillon.fr\/index.php?rest_route=\/wp\/v2\/users\/1"}],"replies":[{"embeddable":true,"href":"https:\/\/harmonie-ecaillon.fr\/index.php?rest_route=%2Fwp%2Fv2%2Fcomments&post=2"}],"version-history":[{"count":6,"href":"https:\/\/harmonie-ecaillon.fr\/index.php?rest_route=\/wp\/v2\/pages\/2\/revisions"}],"predecessor-version":[{"id":21,"href":"https:\/\/harmonie-ecaillon.fr\/index.php?rest_route=\/wp\/v2\/pages\/2\/revisions\/21"}],"wp:attachment":[{"href":"https:\/\/harmonie-ecaillon.fr\/index.php?rest_route=%2Fwp%2Fv2%2Fmedia&parent=2"}],"curies":[{"name":"wp","href":"https:\/\/api.w.org\/{rel}","templated":true}]}}